{"id":14201,"date":"2026-03-25T10:42:34","date_gmt":"2026-03-25T10:42:34","guid":{"rendered":"https:\/\/www.naturospace.com\/dokument-zum-herunterladen\/"},"modified":"2026-04-28T10:52:42","modified_gmt":"2026-04-28T10:52:42","slug":"dokument-zum-herunterladen","status":"publish","type":"page","link":"https:\/\/www.naturospace.com\/de\/dokument-zum-herunterladen\/","title":{"rendered":"Dokument zum Herunterladen"},"content":{"rendered":"\t\t<div data-elementor-type=\"wp-page\" data-elementor-id=\"14201\" class=\"elementor elementor-14201 elementor-13528\" data-elementor-post-type=\"page\">\n\t\t\t\t<div class=\"elementor-element elementor-element-71a90e8 e-flex e-con-boxed e-con e-parent\" data-id=\"71a90e8\" data-element_type=\"container\" data-e-type=\"container\">\n\t\t\t\t\t<div class=\"e-con-inner\">\n\t\t<div class=\"elementor-element elementor-element-032d97d e-con-full e-flex e-con e-child\" data-id=\"032d97d\" data-element_type=\"container\" data-e-type=\"container\">\n\t\t\t\t<div class=\"elementor-element elementor-element-a5eb2d1 elementor-hidden-desktop elementor-hidden-tablet elementor-hidden-mobile elementor-widget elementor-widget-text-editor\" data-id=\"a5eb2d1\" data-element_type=\"widget\" data-e-type=\"widget\" data-widget_type=\"text-editor.default\">\n\t\t\t\t\t\t\t\t\t<h1>Naturospace  <\/h1>\t\t\t\t\t\t\t\t<\/div>\n\t\t\t\t<div class=\"elementor-element elementor-element-abf3363 elementor-widget elementor-widget-nova-title\" data-id=\"abf3363\" data-element_type=\"widget\" data-e-type=\"widget\" data-widget_type=\"nova-title.default\">\n\t\t\t\t<div class=\"elementor-widget-container\">\n\t\t\t\t\t\t\t<div class=\"nova-title-widget\" data-animation-config=\"{&quot;enable&quot;:true,&quot;delay&quot;:100,&quot;duration&quot;:800,&quot;translateY&quot;:30}\">\n\t\t\t\t\t\t\n\t\t\t<div class=\"nova-title-overlay-content\">\n\t\t\t\t\t\t\t\t\t<div class=\"nova-title-text nova-title-text-left nova-title-text-1\">\n\t\t\t\t\t\t<h2 style=\"text-align: center\">Dokumente zum Herunterladen<\/h2>\n<p style=\"text-align: center;font-size: 18px\"><strong>P\u00e4dagogische Dokumente :<\/strong><\/p>\n\t\t\t\t\t<\/div>\n\t\t\t\t\t\t\t\t\n\t\t\t\t\t\t\t<\/div>\n\t\t\t\n\t\t\t\t\t<\/div>\n\t\t\t\t\t\t<\/div>\n\t\t\t\t<\/div>\n\t\t\t\t<div class=\"elementor-element elementor-element-8368ca3 cls-card-carousel btncars elementor-widget elementor-widget-nova-cards\" data-id=\"8368ca3\" data-element_type=\"widget\" data-e-type=\"widget\" data-widget_type=\"nova-cards.default\">\n\t\t\t\t<div class=\"elementor-widget-container\">\n\t\t\t\t\t\t\t<div class=\"nova-cards-widget creative-background-enabled\" \n\t\t\t data-animation-config=\"{&quot;enable&quot;:true,&quot;simultaneous&quot;:true,&quot;delay&quot;:100,&quot;duration&quot;:0,&quot;stagger&quot;:0,&quot;translateY&quot;:30}\"\n\t\t\t data-grid-config=\"{&quot;mode&quot;:&quot;auto&quot;,&quot;columns&quot;:&quot;3&quot;,&quot;columns_tablet&quot;:&quot;3&quot;,&quot;columns_mobile&quot;:&quot;1&quot;,&quot;gap&quot;:&quot;2px&quot;}\"\n\t\t\t data-hover-config=\"{&quot;enable&quot;:false,&quot;transformations&quot;:[],&quot;duration&quot;:500}\"\n\t\t\t data-mobile-slider-config=\"[]\">\n\n\t\t\t\n\t\t\t<div class=\"nova-cards-slider-wrapper\">\n\t\t\t<div class=\"nova-cards-grid\">\n\t\t\t\t\t\t\t\t\t\t\t\t\t\t\t\t\t\t\t\t\t\t\t\t<div class=\"nova-card-item has-button has-creative-background\" data-card-index=\"0\" data-svg-url=\"https:\/\/www.naturospace.com\/wp-content\/plugins\/elementor-mega-menu-widget\/assets\/svg\/back-large-2.svg\">\n\t\t\t\t\t\n\t\t\t\t\t\t\t\t\t\t\t\t\t\t\t\t\t\t\t\t<div class=\"nova-card-background nova-card-creative-background\" style=\"background-color: #FFF5E6; -webkit-mask-image: url('https:\/\/www.naturospace.com\/wp-content\/plugins\/elementor-mega-menu-widget\/assets\/svg\/back-large-2.svg'); mask-image: url('https:\/\/www.naturospace.com\/wp-content\/plugins\/elementor-mega-menu-widget\/assets\/svg\/back-large-2.svg'); -webkit-mask-size: contain; mask-size: contain; -webkit-mask-position: center; mask-position: center; -webkit-mask-repeat: no-repeat; mask-repeat: no-repeat; \"><\/div>\n\t\t\t\t\t\t\t\t\t\t\t\t\n\t\t\t\t\t\t\t\t\t\t\t\t\n\t\t\t\t\t\t<div class=\"nova-card-content\">\n\t\t\t\t\t\t\t\t\t\t\t\t\t\t\t<div class=\"nova-card-text nova-card-text\">\n\t\t\t\t\t\t\t\t\t\t\t\t\t\t\t\t\t\t\t<div class=\"nova-card-text nova-card-text-1\">\n\t\t\t\t\t\t\t\t\t\t\t<h3>Informationen f\u00fcr Lehrer<\/h3>\n<hr>\n\t\t\t\t\t\t\t\t\t\t<\/div>\n\t\t\t\t\t\t\t\t\t\t\t\t\t\t\t\t\t\t\n\t\t\t\t\t\t\t\t\t\t\t\t\t\t\t\t\t\t\t<div class=\"nova-card-text nova-card-text-2\">\n\t\t\t\t\t\t\t\t\t\t\t<p>Praktische Ressourcen, die Sie bei Ihren t\u00e4glichen Unterrichtsstunden und p\u00e4dagogischen Aktivit\u00e4ten unterst\u00fctzen.<\/p>\n\t\t\t\t\t\t\t\t\t\t<\/div>\n\t\t\t\t\t\t\t\t\t\t\t\t\t\t\t\t\t<\/div>\n\t\t\t\t\t\t\t\n\t\t\t\t\t\t\t\t\t\t\t\t\t\t\t<div class=\"nova-card-button-wrap\">\n\t\t\t\t\t\t\t\t\t<a class=\"nova-card-button\" href=\"https:\/\/www.naturospace.com\/?secure_pdf=intro\" aria-label=\"Informationen f\u00fcr Lehrer\">\n\t\t\t\t\t\t\t\t\t\tHerunterladen von\t\t\t\t\t\t\t\t\t<\/a>\n\t\t\t\t\t\t\t\t<\/div>\n\t\t\t\t\t\t\t\t\t\t\t\t\t<\/div>\n\t\t\t\t\t\t\t\t\t\t\t<\/div>\n\t\t\t\t\t\t\t\t\t\t\t\t\t\t\t\t\t\t\t\t\t\t\t\t\t<div class=\"nova-card-item has-button has-creative-background\" data-card-index=\"1\" data-svg-url=\"https:\/\/www.naturospace.com\/wp-content\/plugins\/elementor-mega-menu-widget\/assets\/svg\/back-large-3.svg\">\n\t\t\t\t\t\n\t\t\t\t\t\t\t\t\t\t\t\t\t\t\t\t\t\t\t\t<div class=\"nova-card-background nova-card-creative-background\" style=\"background-color: #FFF5E6; -webkit-mask-image: url('https:\/\/www.naturospace.com\/wp-content\/plugins\/elementor-mega-menu-widget\/assets\/svg\/back-large-3.svg'); mask-image: url('https:\/\/www.naturospace.com\/wp-content\/plugins\/elementor-mega-menu-widget\/assets\/svg\/back-large-3.svg'); -webkit-mask-size: contain; mask-size: contain; -webkit-mask-position: center; mask-position: center; -webkit-mask-repeat: no-repeat; mask-repeat: no-repeat; \"><\/div>\n\t\t\t\t\t\t\t\t\t\t\t\t\n\t\t\t\t\t\t\t\t\t\t\t\t\n\t\t\t\t\t\t<div class=\"nova-card-content\">\n\t\t\t\t\t\t\t\t\t\t\t\t\t\t\t<div class=\"nova-card-text nova-card-text\">\n\t\t\t\t\t\t\t\t\t\t\t\t\t\t\t\t\t\t\t<div class=\"nova-card-text nova-card-text-1\">\n\t\t\t\t\t\t\t\t\t\t\t<h3>P\u00e4dagogischer Leitfaden f\u00fcr Zyklus 2<\/h3>\n<hr>\n\t\t\t\t\t\t\t\t\t\t<\/div>\n\t\t\t\t\t\t\t\t\t\t\t\t\t\t\t\t\t\t\n\t\t\t\t\t\t\t\t\t\t\t\t\t\t\t\t\t\t\t<div class=\"nova-card-text nova-card-text-2\">\n\t\t\t\t\t\t\t\t\t\t\t<p>Ein klarer und angemessener Leitfaden zur Unterst\u00fctzung des Lernens von Sch\u00fclern in Zyklus 2.<\/p>\n\t\t\t\t\t\t\t\t\t\t<\/div>\n\t\t\t\t\t\t\t\t\t\t\t\t\t\t\t\t\t<\/div>\n\t\t\t\t\t\t\t\n\t\t\t\t\t\t\t\t\t\t\t\t\t\t\t<div class=\"nova-card-button-wrap\">\n\t\t\t\t\t\t\t\t\t<a class=\"nova-card-button\" href=\"https:\/\/www.naturospace.com\/?secure_pdf=guide\" aria-label=\"P\u00e4dagogischer Leitfaden f\u00fcr Zyklus 2\">\n\t\t\t\t\t\t\t\t\t\tHerunterladen von\t\t\t\t\t\t\t\t\t<\/a>\n\t\t\t\t\t\t\t\t<\/div>\n\t\t\t\t\t\t\t\t\t\t\t\t\t<\/div>\n\t\t\t\t\t\t\t\t\t\t\t<\/div>\n\t\t\t\t\t\t\t\t\t\t\t\t\t\t\t\t\t\t\t\t\t\t\t\t\t<div class=\"nova-card-item has-button has-creative-background\" data-card-index=\"2\" data-svg-url=\"https:\/\/www.naturospace.com\/wp-content\/plugins\/elementor-mega-menu-widget\/assets\/svg\/back-large-3.svg\">\n\t\t\t\t\t\n\t\t\t\t\t\t\t\t\t\t\t\t\t\t\t\t\t\t\t\t<div class=\"nova-card-background nova-card-creative-background\" style=\"background-color: #FFF5E6; -webkit-mask-image: url('https:\/\/www.naturospace.com\/wp-content\/plugins\/elementor-mega-menu-widget\/assets\/svg\/back-large-3.svg'); mask-image: url('https:\/\/www.naturospace.com\/wp-content\/plugins\/elementor-mega-menu-widget\/assets\/svg\/back-large-3.svg'); -webkit-mask-size: contain; mask-size: contain; -webkit-mask-position: center; mask-position: center; -webkit-mask-repeat: no-repeat; mask-repeat: no-repeat; \"><\/div>\n\t\t\t\t\t\t\t\t\t\t\t\t\n\t\t\t\t\t\t\t\t\t\t\t\t\n\t\t\t\t\t\t<div class=\"nova-card-content\">\n\t\t\t\t\t\t\t\t\t\t\t\t\t\t\t<div class=\"nova-card-text nova-card-text\">\n\t\t\t\t\t\t\t\t\t\t\t\t\t\t\t\t\t\t\t<div class=\"nova-card-text nova-card-text-1\">\n\t\t\t\t\t\t\t\t\t\t\t<h3>P\u00e4dagogischer Leitfaden f\u00fcr Zyklus 3<\/h3>\n<hr>\n\t\t\t\t\t\t\t\t\t\t<\/div>\n\t\t\t\t\t\t\t\t\t\t\t\t\t\t\t\t\t\t\n\t\t\t\t\t\t\t\t\t\t\t\t\t\t\t\t\t\t\t<div class=\"nova-card-text nova-card-text-2\">\n\t\t\t\t\t\t\t\t\t\t\t<p>Werkzeuge und Inhalte zur Vertiefung des Wissens von Sch\u00fclern des dritten Zyklus.<\/p>\n\t\t\t\t\t\t\t\t\t\t<\/div>\n\t\t\t\t\t\t\t\t\t\t\t\t\t\t\t\t\t<\/div>\n\t\t\t\t\t\t\t\n\t\t\t\t\t\t\t\t\t\t\t\t\t\t\t<div class=\"nova-card-button-wrap\">\n\t\t\t\t\t\t\t\t\t<a class=\"nova-card-button\" href=\"https:\/\/www.naturospace.com\/?secure_pdf=cycle3\" aria-label=\"P\u00e4dagogischer Leitfaden f\u00fcr Zyklus 3\">\n\t\t\t\t\t\t\t\t\t\tHerunterladen von\t\t\t\t\t\t\t\t\t<\/a>\n\t\t\t\t\t\t\t\t<\/div>\n\t\t\t\t\t\t\t\t\t\t\t\t\t<\/div>\n\t\t\t\t\t\t\t\t\t\t\t<\/div>\n\t\t\t\t\t\t\t\t\t\t\t\t<\/div><!-- .nova-cards-grid -->\n\t\t\t<\/div><!-- .nova-cards-slider-wrapper -->\n\t\t<\/div><!-- .nova-cards-widget -->\n\t\t<style id='nova-cards-button-typography-8368ca3'>.elementor-element-8368ca3 .nova-card-button {font-family: Work Sans !important;font-size: 15px !important;font-weight: 500 !important;text-decoration: underline !important;line-height: 15px !important;}<\/style>\t\t\t\t<\/div>\n\t\t\t\t<\/div>\n\t\t\t\t<\/div>\n\t\t\t\t\t<\/div>\n\t\t\t\t<\/div>\n\t\t\t\t<\/div>\n\t\t","protected":false},"excerpt":{"rendered":"<p>Naturospace Dokumente zum Herunterladen P\u00e4dagogische Dokumente : Informationen f\u00fcr Lehrer Praktische Ressourcen, die Sie bei Ihren t\u00e4glichen Unterrichtsstunden und p\u00e4dagogischen Aktivit\u00e4ten unterst\u00fctzen. Herunterladen von P\u00e4dagogischer Leitfaden f\u00fcr Zyklus 2 Ein klarer und angemessener Leitfaden zur Unterst\u00fctzung des Lernens von Sch\u00fclern in Zyklus 2. Herunterladen von P\u00e4dagogischer Leitfaden f\u00fcr Zyklus 3 Werkzeuge und Inhalte zur Vertiefung [&hellip;]<\/p>\n","protected":false},"author":1,"featured_media":0,"parent":0,"menu_order":0,"comment_status":"closed","ping_status":"closed","template":"elementor_header_footer","meta":{"_acf_changed":false,"footnotes":""},"class_list":["post-14201","page","type-page","status-publish","hentry"],"acf":[],"yoast_head":"<!-- This site is optimized with the Yoast SEO plugin v27.4 - https:\/\/yoast.com\/product\/yoast-seo-wordpress\/ -->\n<title>Dokumente zum Herunterladen - Praktische Informationen Naturospace<\/title>\n<meta name=\"description\" content=\"Laden Sie n\u00fctzliche Dokumente zur Vorbereitung Ihres Besuchs bei Naturospace herunter: praktische Informationen, Gruppen, p\u00e4dagogisches Material und Preise.\" \/>\n<meta name=\"robots\" content=\"index, follow, max-snippet:-1, max-image-preview:large, max-video-preview:-1\" \/>\n<link rel=\"canonical\" href=\"https:\/\/www.naturospace.com\/de\/dokument-zum-herunterladen\/\" \/>\n<meta property=\"og:locale\" content=\"de_DE\" \/>\n<meta property=\"og:type\" content=\"article\" \/>\n<meta property=\"og:title\" content=\"Dokumente zum Herunterladen - Praktische Informationen Naturospace\" \/>\n<meta property=\"og:description\" content=\"Laden Sie n\u00fctzliche Dokumente zur Vorbereitung Ihres Besuchs bei Naturospace herunter: praktische Informationen, Gruppen, p\u00e4dagogisches Material und Preise.\" \/>\n<meta property=\"og:url\" content=\"https:\/\/www.naturospace.com\/de\/dokument-zum-herunterladen\/\" \/>\n<meta property=\"og:site_name\" content=\"Naturospace Honfleur\" \/>\n<meta property=\"article:modified_time\" content=\"2026-04-28T10:52:42+00:00\" \/>\n<meta name=\"twitter:card\" content=\"summary_large_image\" \/>\n<script type=\"application\/ld+json\" class=\"yoast-schema-graph\">{\"@context\":\"https:\\\/\\\/schema.org\",\"@graph\":[{\"@type\":\"WebPage\",\"@id\":\"https:\\\/\\\/www.naturospace.com\\\/de\\\/dokument-zum-herunterladen\\\/\",\"url\":\"https:\\\/\\\/www.naturospace.com\\\/de\\\/dokument-zum-herunterladen\\\/\",\"name\":\"Dokumente zum Herunterladen - Praktische Informationen Naturospace\",\"isPartOf\":{\"@id\":\"https:\\\/\\\/www.naturospace.com\\\/#website\"},\"datePublished\":\"2026-03-25T10:42:34+00:00\",\"dateModified\":\"2026-04-28T10:52:42+00:00\",\"description\":\"Laden Sie n\u00fctzliche Dokumente zur Vorbereitung Ihres Besuchs bei Naturospace herunter: praktische Informationen, Gruppen, p\u00e4dagogisches Material und Preise.\",\"breadcrumb\":{\"@id\":\"https:\\\/\\\/www.naturospace.com\\\/de\\\/dokument-zum-herunterladen\\\/#breadcrumb\"},\"inLanguage\":\"de\",\"potentialAction\":[{\"@type\":\"ReadAction\",\"target\":[\"https:\\\/\\\/www.naturospace.com\\\/de\\\/dokument-zum-herunterladen\\\/\"]}]},{\"@type\":\"BreadcrumbList\",\"@id\":\"https:\\\/\\\/www.naturospace.com\\\/de\\\/dokument-zum-herunterladen\\\/#breadcrumb\",\"itemListElement\":[{\"@type\":\"ListItem\",\"position\":1,\"name\":\"Accueil\",\"item\":\"https:\\\/\\\/www.naturospace.com\\\/de\\\/startseite\\\/\"},{\"@type\":\"ListItem\",\"position\":2,\"name\":\"Dokument zum Herunterladen\"}]},{\"@type\":\"WebSite\",\"@id\":\"https:\\\/\\\/www.naturospace.com\\\/#website\",\"url\":\"https:\\\/\\\/www.naturospace.com\\\/\",\"name\":\"Naturospace Honfleur\",\"description\":\"\",\"publisher\":{\"@id\":\"https:\\\/\\\/www.naturospace.com\\\/#organization\"},\"potentialAction\":[{\"@type\":\"SearchAction\",\"target\":{\"@type\":\"EntryPoint\",\"urlTemplate\":\"https:\\\/\\\/www.naturospace.com\\\/?s={search_term_string}\"},\"query-input\":{\"@type\":\"PropertyValueSpecification\",\"valueRequired\":true,\"valueName\":\"search_term_string\"}}],\"inLanguage\":\"de\"},{\"@type\":\"Organization\",\"@id\":\"https:\\\/\\\/www.naturospace.com\\\/#organization\",\"name\":\"Naturospace Honfleur\",\"url\":\"https:\\\/\\\/www.naturospace.com\\\/\",\"logo\":{\"@type\":\"ImageObject\",\"inLanguage\":\"de\",\"@id\":\"https:\\\/\\\/www.naturospace.com\\\/#\\\/schema\\\/logo\\\/image\\\/\",\"url\":\"https:\\\/\\\/www.naturospace.com\\\/wp-content\\\/uploads\\\/2025\\\/12\\\/logo-268x99-1.png\",\"contentUrl\":\"https:\\\/\\\/www.naturospace.com\\\/wp-content\\\/uploads\\\/2025\\\/12\\\/logo-268x99-1.png\",\"width\":552,\"height\":136,\"caption\":\"Naturospace Honfleur\"},\"image\":{\"@id\":\"https:\\\/\\\/www.naturospace.com\\\/#\\\/schema\\\/logo\\\/image\\\/\"}}]}<\/script>\n<!-- \/ Yoast SEO plugin. -->","yoast_head_json":{"title":"Dokumente zum Herunterladen - Praktische Informationen Naturospace","description":"Laden Sie n\u00fctzliche Dokumente zur Vorbereitung Ihres Besuchs bei Naturospace herunter: praktische Informationen, Gruppen, p\u00e4dagogisches Material und Preise.","robots":{"index":"index","follow":"follow","max-snippet":"max-snippet:-1","max-image-preview":"max-image-preview:large","max-video-preview":"max-video-preview:-1"},"canonical":"https:\/\/www.naturospace.com\/de\/dokument-zum-herunterladen\/","og_locale":"de_DE","og_type":"article","og_title":"Dokumente zum Herunterladen - Praktische Informationen Naturospace","og_description":"Laden Sie n\u00fctzliche Dokumente zur Vorbereitung Ihres Besuchs bei Naturospace herunter: praktische Informationen, Gruppen, p\u00e4dagogisches Material und Preise.","og_url":"https:\/\/www.naturospace.com\/de\/dokument-zum-herunterladen\/","og_site_name":"Naturospace Honfleur","article_modified_time":"2026-04-28T10:52:42+00:00","twitter_card":"summary_large_image","schema":{"@context":"https:\/\/schema.org","@graph":[{"@type":"WebPage","@id":"https:\/\/www.naturospace.com\/de\/dokument-zum-herunterladen\/","url":"https:\/\/www.naturospace.com\/de\/dokument-zum-herunterladen\/","name":"Dokumente zum Herunterladen - Praktische Informationen Naturospace","isPartOf":{"@id":"https:\/\/www.naturospace.com\/#website"},"datePublished":"2026-03-25T10:42:34+00:00","dateModified":"2026-04-28T10:52:42+00:00","description":"Laden Sie n\u00fctzliche Dokumente zur Vorbereitung Ihres Besuchs bei Naturospace herunter: praktische Informationen, Gruppen, p\u00e4dagogisches Material und Preise.","breadcrumb":{"@id":"https:\/\/www.naturospace.com\/de\/dokument-zum-herunterladen\/#breadcrumb"},"inLanguage":"de","potentialAction":[{"@type":"ReadAction","target":["https:\/\/www.naturospace.com\/de\/dokument-zum-herunterladen\/"]}]},{"@type":"BreadcrumbList","@id":"https:\/\/www.naturospace.com\/de\/dokument-zum-herunterladen\/#breadcrumb","itemListElement":[{"@type":"ListItem","position":1,"name":"Accueil","item":"https:\/\/www.naturospace.com\/de\/startseite\/"},{"@type":"ListItem","position":2,"name":"Dokument zum Herunterladen"}]},{"@type":"WebSite","@id":"https:\/\/www.naturospace.com\/#website","url":"https:\/\/www.naturospace.com\/","name":"Naturospace Honfleur","description":"","publisher":{"@id":"https:\/\/www.naturospace.com\/#organization"},"potentialAction":[{"@type":"SearchAction","target":{"@type":"EntryPoint","urlTemplate":"https:\/\/www.naturospace.com\/?s={search_term_string}"},"query-input":{"@type":"PropertyValueSpecification","valueRequired":true,"valueName":"search_term_string"}}],"inLanguage":"de"},{"@type":"Organization","@id":"https:\/\/www.naturospace.com\/#organization","name":"Naturospace Honfleur","url":"https:\/\/www.naturospace.com\/","logo":{"@type":"ImageObject","inLanguage":"de","@id":"https:\/\/www.naturospace.com\/#\/schema\/logo\/image\/","url":"https:\/\/www.naturospace.com\/wp-content\/uploads\/2025\/12\/logo-268x99-1.png","contentUrl":"https:\/\/www.naturospace.com\/wp-content\/uploads\/2025\/12\/logo-268x99-1.png","width":552,"height":136,"caption":"Naturospace Honfleur"},"image":{"@id":"https:\/\/www.naturospace.com\/#\/schema\/logo\/image\/"}}]}},"_links":{"self":[{"href":"https:\/\/www.naturospace.com\/de\/wp-json\/wp\/v2\/pages\/14201","targetHints":{"allow":["GET"]}}],"collection":[{"href":"https:\/\/www.naturospace.com\/de\/wp-json\/wp\/v2\/pages"}],"about":[{"href":"https:\/\/www.naturospace.com\/de\/wp-json\/wp\/v2\/types\/page"}],"author":[{"embeddable":true,"href":"https:\/\/www.naturospace.com\/de\/wp-json\/wp\/v2\/users\/1"}],"replies":[{"embeddable":true,"href":"https:\/\/www.naturospace.com\/de\/wp-json\/wp\/v2\/comments?post=14201"}],"version-history":[{"count":1,"href":"https:\/\/www.naturospace.com\/de\/wp-json\/wp\/v2\/pages\/14201\/revisions"}],"predecessor-version":[{"id":14203,"href":"https:\/\/www.naturospace.com\/de\/wp-json\/wp\/v2\/pages\/14201\/revisions\/14203"}],"wp:attachment":[{"href":"https:\/\/www.naturospace.com\/de\/wp-json\/wp\/v2\/media?parent=14201"}],"curies":[{"name":"wp","href":"https:\/\/api.w.org\/{rel}","templated":true}]}}