{"id":14170,"date":"2026-01-02T18:59:44","date_gmt":"2026-01-02T18:59:44","guid":{"rendered":"https:\/\/www.naturospace.com\/rechtliche-hinweise\/"},"modified":"2026-04-28T10:52:20","modified_gmt":"2026-04-28T10:52:20","slug":"rechtliche-hinweise","status":"publish","type":"page","link":"https:\/\/www.naturospace.com\/de\/rechtliche-hinweise\/","title":{"rendered":"Rechtliche Hinweise"},"content":{"rendered":"\t\t<div data-elementor-type=\"wp-page\" data-elementor-id=\"14170\" class=\"elementor elementor-14170 elementor-1364\" data-elementor-post-type=\"page\">\n\t\t\t\t<div class=\"elementor-element elementor-element-7c98cf9 e-flex e-con-boxed e-con e-parent\" data-id=\"7c98cf9\" data-element_type=\"container\" data-e-type=\"container\">\n\t\t\t\t\t<div class=\"e-con-inner\">\n\t\t\t\t\t<\/div>\n\t\t\t\t<\/div>\n\t\t<div class=\"elementor-element elementor-element-c3a7a5a e-flex e-con-boxed e-con e-parent\" data-id=\"c3a7a5a\" data-element_type=\"container\" data-e-type=\"container\">\n\t\t\t\t\t<div class=\"e-con-inner\">\n\t\t\t\t<div class=\"elementor-element elementor-element-09c5cbd elementor-widget elementor-widget-text-editor\" data-id=\"09c5cbd\" data-element_type=\"widget\" data-e-type=\"widget\" data-widget_type=\"text-editor.default\">\n\t\t\t\t\t\t\t\t\t<div class=\"mentions-legales\"><h2>Rechtliche Hinweise<\/h2><h3>1. Herausgeber der Website<\/h3><p>Die Website <strong>www.naturospace.com<\/strong> wird herausgegeben von:<br>SARL \u00c9meraude<br>Boulevard Charles V<br>14600 Honfleur &#8211; Frankreich<\/p><p>Stammkapital: 7.623 \u20ac<br>SIRET: 417 666 781 00022<br>APE-Code: 012J<\/p><p>Leiter der Ver\u00f6ffentlichung:<br>Herr Beno\u00eet Damico<\/p><h3>2. Technischer Herausgeber der Website<\/h3><p>Die technische Bearbeitung und Entwicklung der Website erfolgt durch :<\/p><p>DIGIBASE WEB<br>Firmenname: DIGIBASE<br>Rechtsform: SARL<br>SIREN: 941 361 727<\/p><p>Eingetragener Sitz:<br>149 avenue du Maine<br>75014 Paris &#8211; Frankreich<\/p><p>Umsatzsteuer-Identifikationsnummer: FR33 941361727<br>E-Mail-Adresse: <a href=\"mailto:contact@digibase-web.fr\">contact@digibase-web.fr<\/a><\/p><h3>3. Unterkunft<\/h3><p>Die Website <strong>www.naturospace.com<\/strong> wird gehostet von:<\/p><p>OVHcloud<br>2 rue Kellermann<br>59100 Roubaix &#8211; Frankreich<br>Website: <a href=\"https:\/\/www.ovhcloud.com\" target=\"_blank\" rel=\"noopener\">www.ovhcloud.com<\/a><\/p><h3>4. Geistiges Eigentum<\/h3><p>Der gesamte Inhalt der Website <strong>www.naturospace.com,<\/strong> insbesondere Texte, Bilder, Fotografien, Illustrationen, Videos, Logos und grafische Elemente, ist durch die Bestimmungen des Gesetzes \u00fcber geistiges Eigentum gesch\u00fctzt.<\/p><p>Diese Inhalte sind das ausschlie\u00dfliche Eigentum von <strong>SARL \u00c9meraude<\/strong>, sofern nicht anders angegeben.<\/p><p>Die vollst\u00e4ndige oder teilweise Vervielf\u00e4ltigung, Darstellung, \u00c4nderung, Ver\u00f6ffentlichung oder Anpassung der Elemente der Website ist unabh\u00e4ngig vom verwendeten Verfahren ohne die vorherige schriftliche Genehmigung des Herausgebers untersagt.<\/p><p>Jede nicht genehmigte Nutzung stellt eine F\u00e4lschung dar, f\u00fcr die der Urheber zivil- und strafrechtlich haftbar gemacht werden kann.<\/p><h3>5. Verantwortung<\/h3><p>Die auf der Website <strong>www.naturospace.com<\/strong> ver\u00f6ffentlichten Informationen sind unverbindlich und k\u00f6nnen jederzeit ge\u00e4ndert werden.<\/p><p>Die Firma <strong>SARL \u00c9meraude<\/strong> bem\u00fcht sich um die Richtigkeit und Aktualit\u00e4t der auf der Website ver\u00f6ffentlichten Informationen, haftet jedoch nicht f\u00fcr eventuelle Fehler, Auslassungen oder Nichtverf\u00fcgbarkeit.<\/p><p>Der Nutzer der Website best\u00e4tigt, dass er \u00fcber die notwendigen technischen Mittel verf\u00fcgt, um auf die Website zuzugreifen und sie unter guten Bedingungen zu nutzen.<\/p><h3>6. Pers\u00f6nliche Daten<\/h3><p>Die pers\u00f6nlichen Informationen, die \u00fcber die Formulare auf der Website gesammelt werden, sind ausschlie\u00dflich f\u00fcr Naturospace bestimmt, um die Anfragen der Nutzer zu bearbeiten.<\/p><p>Gem\u00e4\u00df der Allgemeinen Datenschutzverordnung (DSGVO) und dem Gesetz \u00fcber Informatik und Freiheiten haben Sie die folgenden Rechte bez\u00fcglich Ihrer Daten:<\/p><ul><li>Recht auf Zugang<\/li><li>Recht auf Berichtigung<\/li><li>Recht auf L\u00f6schung<\/li><li>Recht auf Widerspruch gegen die Verarbeitung<\/li><\/ul><p>Sie k\u00f6nnen diese Rechte aus\u00fcben, indem Sie Ihre Anfrage \u00fcber das Kontaktformular der Website stellen.<\/p><p>Die gesammelten Daten werden nur so lange aufbewahrt, wie es f\u00fcr die Bearbeitung des Antrags erforderlich ist, und werden niemals verkauft oder an Dritte weitergegeben.<\/p><h3>7. Cookies<\/h3><p>Die Website <strong>www.naturospace.com<\/strong> kann Cookies verwenden, um das Surferlebnis zu verbessern, die Besucherzahlen zu messen und geeignete Dienstleistungen anzubieten.<\/p><p>Bei Ihrem ersten Besuch werden Sie in einem Banner \u00fcber die Verwendung von Cookies informiert und k\u00f6nnen deren Verwendung akzeptieren, ablehnen oder einstellen.<\/p><h3>8. Anwendbares Recht<\/h3><p>Diese Website unterliegt dem franz\u00f6sischen Recht.<\/p><p>Im Falle eines Rechtsstreits und nach dem Versuch einer g\u00fctlichen Einigung sind ausschlie\u00dflich die franz\u00f6sischen Gerichte zust\u00e4ndig.<\/p><\/div>\t\t\t\t\t\t\t\t<\/div>\n\t\t\t\t\t<\/div>\n\t\t\t\t<\/div>\n\t\t\t\t<\/div>\n\t\t","protected":false},"excerpt":{"rendered":"<p>Rechtliche Hinweise 1. Herausgeber der Website Die Website www.naturospace.com wird herausgegeben von:SARL \u00c9meraudeBoulevard Charles V14600 Honfleur &#8211; Frankreich Stammkapital: 7.623 \u20acSIRET: 417 666 781 00022APE-Code: 012J Leiter der Ver\u00f6ffentlichung:Herr Beno\u00eet Damico 2. Technischer Herausgeber der Website Die technische Bearbeitung und Entwicklung der Website erfolgt durch : DIGIBASE WEBFirmenname: DIGIBASERechtsform: SARLSIREN: 941 361 727 Eingetragener Sitz:149 [&hellip;]<\/p>\n","protected":false},"author":1,"featured_media":0,"parent":0,"menu_order":0,"comment_status":"closed","ping_status":"closed","template":"elementor_header_footer","meta":{"_acf_changed":false,"footnotes":""},"class_list":["post-14170","page","type-page","status-publish","hentry"],"acf":[],"yoast_head":"<!-- This site is optimized with the Yoast SEO plugin v27.4 - https:\/\/yoast.com\/product\/yoast-seo-wordpress\/ -->\n<title>Rechtliche Hinweise - Naturospace Honfleur<\/title>\n<meta name=\"robots\" content=\"noindex, nofollow\" \/>\n<meta property=\"og:locale\" content=\"de_DE\" \/>\n<meta property=\"og:type\" content=\"article\" \/>\n<meta property=\"og:title\" content=\"Rechtliche Hinweise - Naturospace Honfleur\" \/>\n<meta property=\"og:description\" content=\"Rechtliche Hinweise 1. Herausgeber der Website Die Website www.naturospace.com wird herausgegeben von:SARL \u00c9meraudeBoulevard Charles V14600 Honfleur &#8211; Frankreich Stammkapital: 7.623 \u20acSIRET: 417 666 781 00022APE-Code: 012J Leiter der Ver\u00f6ffentlichung:Herr Beno\u00eet Damico 2. Technischer Herausgeber der Website Die technische Bearbeitung und Entwicklung der Website erfolgt durch : DIGIBASE WEBFirmenname: DIGIBASERechtsform: SARLSIREN: 941 361 727 Eingetragener Sitz:149 [&hellip;]\" \/>\n<meta property=\"og:url\" content=\"https:\/\/www.naturospace.com\/de\/rechtliche-hinweise\/\" \/>\n<meta property=\"og:site_name\" content=\"Naturospace Honfleur\" \/>\n<meta property=\"article:modified_time\" content=\"2026-04-28T10:52:20+00:00\" \/>\n<meta name=\"twitter:card\" content=\"summary_large_image\" \/>\n<meta name=\"twitter:label1\" content=\"Gesch\u00e4tzte Lesezeit\" \/>\n\t<meta name=\"twitter:data1\" content=\"2\u00a0Minuten\" \/>\n<script type=\"application\/ld+json\" class=\"yoast-schema-graph\">{\"@context\":\"https:\\\/\\\/schema.org\",\"@graph\":[{\"@type\":\"WebPage\",\"@id\":\"https:\\\/\\\/www.naturospace.com\\\/de\\\/rechtliche-hinweise\\\/\",\"url\":\"https:\\\/\\\/www.naturospace.com\\\/de\\\/rechtliche-hinweise\\\/\",\"name\":\"Rechtliche Hinweise - Naturospace Honfleur\",\"isPartOf\":{\"@id\":\"https:\\\/\\\/www.naturospace.com\\\/#website\"},\"datePublished\":\"2026-01-02T18:59:44+00:00\",\"dateModified\":\"2026-04-28T10:52:20+00:00\",\"breadcrumb\":{\"@id\":\"https:\\\/\\\/www.naturospace.com\\\/de\\\/rechtliche-hinweise\\\/#breadcrumb\"},\"inLanguage\":\"de\",\"potentialAction\":[{\"@type\":\"ReadAction\",\"target\":[\"https:\\\/\\\/www.naturospace.com\\\/de\\\/rechtliche-hinweise\\\/\"]}]},{\"@type\":\"BreadcrumbList\",\"@id\":\"https:\\\/\\\/www.naturospace.com\\\/de\\\/rechtliche-hinweise\\\/#breadcrumb\",\"itemListElement\":[{\"@type\":\"ListItem\",\"position\":1,\"name\":\"Accueil\",\"item\":\"https:\\\/\\\/www.naturospace.com\\\/de\\\/startseite\\\/\"},{\"@type\":\"ListItem\",\"position\":2,\"name\":\"Rechtliche Hinweise\"}]},{\"@type\":\"WebSite\",\"@id\":\"https:\\\/\\\/www.naturospace.com\\\/#website\",\"url\":\"https:\\\/\\\/www.naturospace.com\\\/\",\"name\":\"Naturospace Honfleur\",\"description\":\"\",\"publisher\":{\"@id\":\"https:\\\/\\\/www.naturospace.com\\\/#organization\"},\"potentialAction\":[{\"@type\":\"SearchAction\",\"target\":{\"@type\":\"EntryPoint\",\"urlTemplate\":\"https:\\\/\\\/www.naturospace.com\\\/?s={search_term_string}\"},\"query-input\":{\"@type\":\"PropertyValueSpecification\",\"valueRequired\":true,\"valueName\":\"search_term_string\"}}],\"inLanguage\":\"de\"},{\"@type\":\"Organization\",\"@id\":\"https:\\\/\\\/www.naturospace.com\\\/#organization\",\"name\":\"Naturospace Honfleur\",\"url\":\"https:\\\/\\\/www.naturospace.com\\\/\",\"logo\":{\"@type\":\"ImageObject\",\"inLanguage\":\"de\",\"@id\":\"https:\\\/\\\/www.naturospace.com\\\/#\\\/schema\\\/logo\\\/image\\\/\",\"url\":\"https:\\\/\\\/www.naturospace.com\\\/wp-content\\\/uploads\\\/2025\\\/12\\\/logo-268x99-1.png\",\"contentUrl\":\"https:\\\/\\\/www.naturospace.com\\\/wp-content\\\/uploads\\\/2025\\\/12\\\/logo-268x99-1.png\",\"width\":552,\"height\":136,\"caption\":\"Naturospace Honfleur\"},\"image\":{\"@id\":\"https:\\\/\\\/www.naturospace.com\\\/#\\\/schema\\\/logo\\\/image\\\/\"}}]}<\/script>\n<!-- \/ Yoast SEO plugin. -->","yoast_head_json":{"title":"Rechtliche Hinweise - Naturospace Honfleur","robots":{"index":"noindex","follow":"nofollow"},"og_locale":"de_DE","og_type":"article","og_title":"Rechtliche Hinweise - Naturospace Honfleur","og_description":"Rechtliche Hinweise 1. Herausgeber der Website Die Website www.naturospace.com wird herausgegeben von:SARL \u00c9meraudeBoulevard Charles V14600 Honfleur &#8211; Frankreich Stammkapital: 7.623 \u20acSIRET: 417 666 781 00022APE-Code: 012J Leiter der Ver\u00f6ffentlichung:Herr Beno\u00eet Damico 2. Technischer Herausgeber der Website Die technische Bearbeitung und Entwicklung der Website erfolgt durch : DIGIBASE WEBFirmenname: DIGIBASERechtsform: SARLSIREN: 941 361 727 Eingetragener Sitz:149 [&hellip;]","og_url":"https:\/\/www.naturospace.com\/de\/rechtliche-hinweise\/","og_site_name":"Naturospace Honfleur","article_modified_time":"2026-04-28T10:52:20+00:00","twitter_card":"summary_large_image","twitter_misc":{"Gesch\u00e4tzte Lesezeit":"2\u00a0Minuten"},"schema":{"@context":"https:\/\/schema.org","@graph":[{"@type":"WebPage","@id":"https:\/\/www.naturospace.com\/de\/rechtliche-hinweise\/","url":"https:\/\/www.naturospace.com\/de\/rechtliche-hinweise\/","name":"Rechtliche Hinweise - Naturospace Honfleur","isPartOf":{"@id":"https:\/\/www.naturospace.com\/#website"},"datePublished":"2026-01-02T18:59:44+00:00","dateModified":"2026-04-28T10:52:20+00:00","breadcrumb":{"@id":"https:\/\/www.naturospace.com\/de\/rechtliche-hinweise\/#breadcrumb"},"inLanguage":"de","potentialAction":[{"@type":"ReadAction","target":["https:\/\/www.naturospace.com\/de\/rechtliche-hinweise\/"]}]},{"@type":"BreadcrumbList","@id":"https:\/\/www.naturospace.com\/de\/rechtliche-hinweise\/#breadcrumb","itemListElement":[{"@type":"ListItem","position":1,"name":"Accueil","item":"https:\/\/www.naturospace.com\/de\/startseite\/"},{"@type":"ListItem","position":2,"name":"Rechtliche Hinweise"}]},{"@type":"WebSite","@id":"https:\/\/www.naturospace.com\/#website","url":"https:\/\/www.naturospace.com\/","name":"Naturospace Honfleur","description":"","publisher":{"@id":"https:\/\/www.naturospace.com\/#organization"},"potentialAction":[{"@type":"SearchAction","target":{"@type":"EntryPoint","urlTemplate":"https:\/\/www.naturospace.com\/?s={search_term_string}"},"query-input":{"@type":"PropertyValueSpecification","valueRequired":true,"valueName":"search_term_string"}}],"inLanguage":"de"},{"@type":"Organization","@id":"https:\/\/www.naturospace.com\/#organization","name":"Naturospace Honfleur","url":"https:\/\/www.naturospace.com\/","logo":{"@type":"ImageObject","inLanguage":"de","@id":"https:\/\/www.naturospace.com\/#\/schema\/logo\/image\/","url":"https:\/\/www.naturospace.com\/wp-content\/uploads\/2025\/12\/logo-268x99-1.png","contentUrl":"https:\/\/www.naturospace.com\/wp-content\/uploads\/2025\/12\/logo-268x99-1.png","width":552,"height":136,"caption":"Naturospace Honfleur"},"image":{"@id":"https:\/\/www.naturospace.com\/#\/schema\/logo\/image\/"}}]}},"_links":{"self":[{"href":"https:\/\/www.naturospace.com\/de\/wp-json\/wp\/v2\/pages\/14170","targetHints":{"allow":["GET"]}}],"collection":[{"href":"https:\/\/www.naturospace.com\/de\/wp-json\/wp\/v2\/pages"}],"about":[{"href":"https:\/\/www.naturospace.com\/de\/wp-json\/wp\/v2\/types\/page"}],"author":[{"embeddable":true,"href":"https:\/\/www.naturospace.com\/de\/wp-json\/wp\/v2\/users\/1"}],"replies":[{"embeddable":true,"href":"https:\/\/www.naturospace.com\/de\/wp-json\/wp\/v2\/comments?post=14170"}],"version-history":[{"count":1,"href":"https:\/\/www.naturospace.com\/de\/wp-json\/wp\/v2\/pages\/14170\/revisions"}],"predecessor-version":[{"id":14171,"href":"https:\/\/www.naturospace.com\/de\/wp-json\/wp\/v2\/pages\/14170\/revisions\/14171"}],"wp:attachment":[{"href":"https:\/\/www.naturospace.com\/de\/wp-json\/wp\/v2\/media?parent=14170"}],"curies":[{"name":"wp","href":"https:\/\/api.w.org\/{rel}","templated":true}]}}